{"id":103,"date":"2018-02-27T12:32:34","date_gmt":"2018-02-27T12:32:34","guid":{"rendered":"https:\/\/midwives4tanzania.org\/donate\/"},"modified":"2025-01-27T10:57:59","modified_gmt":"2025-01-27T10:57:59","slug":"mitgliedschaft","status":"publish","type":"page","link":"https:\/\/midwives4tanzania.org\/en\/mitgliedschaft\/","title":{"rendered":"Become a Member"},"content":{"rendered":"<div data-elementor-type=\"wp-post\" data-elementor-id=\"103\" class=\"elementor elementor-103\">\n\t\t\t\t<div class=\"elementor-element elementor-element-6b8f682 e-flex e-con-boxed wpr-particle-no wpr-jarallax-no wpr-parallax-no wpr-sticky-section-no e-con e-parent\" data-id=\"6b8f682\" data-element_type=\"container\" data-settings=\"{&quot;background_background&quot;:&quot;classic&quot;}\">\n\t\t\t\t\t<div class=\"e-con-inner\">\n\t\t<div class=\"elementor-element elementor-element-3d4e002 e-con-full e-flex wpr-particle-no wpr-jarallax-no wpr-parallax-no wpr-sticky-section-no e-con e-child\" data-id=\"3d4e002\" data-element_type=\"container\">\n\t\t<div class=\"elementor-element elementor-element-f953330 e-con-full e-flex wpr-particle-no wpr-jarallax-no wpr-parallax-no wpr-sticky-section-no e-con e-child\" data-id=\"f953330\" data-element_type=\"container\">\n\t\t\t\t<div class=\"elementor-element elementor-element-707ab2e elementor-widget-divider--view-line elementor-widget elementor-widget-divider\" data-id=\"707ab2e\" data-element_type=\"widget\" data-widget_type=\"divider.default\">\n\t\t\t\t<div class=\"elementor-widget-container\">\n\t\t\t\t\t\t\t<div class=\"elementor-divider\">\n\t\t\t<span class=\"elementor-divider-separator\">\n\t\t\t\t\t\t<\/span>\n\t\t<\/div>\n\t\t\t\t\t\t<\/div>\n\t\t\t\t<\/div>\n\t\t\t\t<div class=\"elementor-element elementor-element-22b33b5 elementor-widget elementor-widget-heading\" data-id=\"22b33b5\" data-element_type=\"widget\" data-widget_type=\"heading.default\">\n\t\t\t\t<div class=\"elementor-widget-container\">\n\t\t\t\t\t<h1 class=\"elementor-heading-title elementor-size-default\">Become a Member<\/h1>\t\t\t\t<\/div>\n\t\t\t\t<\/div>\n\t\t\t\t<\/div>\n\t\t\t\t<\/div>\n\t\t\t\t\t<\/div>\n\t\t\t\t<\/div>\n\t\t<div class=\"elementor-element elementor-element-492ee9a e-flex e-con-boxed wpr-particle-no wpr-jarallax-no wpr-parallax-no wpr-sticky-section-no e-con e-parent\" data-id=\"492ee9a\" data-element_type=\"container\">\n\t\t\t\t\t<div class=\"e-con-inner\">\n\t\t<div class=\"elementor-element elementor-element-36dab7c e-flex e-con-boxed wpr-particle-no wpr-jarallax-no wpr-parallax-no wpr-sticky-section-no e-con e-child\" data-id=\"36dab7c\" data-element_type=\"container\">\n\t\t\t\t\t<div class=\"e-con-inner\">\n\t\t\t\t<div class=\"elementor-element elementor-element-693b44d elementor-widget-divider--view-line elementor-widget elementor-widget-divider\" data-id=\"693b44d\" data-element_type=\"widget\" data-widget_type=\"divider.default\">\n\t\t\t\t<div class=\"elementor-widget-container\">\n\t\t\t\t\t\t\t<div class=\"elementor-divider\">\n\t\t\t<span class=\"elementor-divider-separator\">\n\t\t\t\t\t\t<\/span>\n\t\t<\/div>\n\t\t\t\t\t\t<\/div>\n\t\t\t\t<\/div>\n\t\t\t\t\t<\/div>\n\t\t\t\t<\/div>\n\t\t\t\t<div class=\"elementor-element elementor-element-b712b4a elementor-widget elementor-widget-text-editor\" data-id=\"b712b4a\" data-element_type=\"widget\" data-widget_type=\"text-editor.default\">\n\t\t\t\t<div class=\"elementor-widget-container\">\n\t\t\t\t\t\t\t\t\t<p style=\"font-weight: 400;\">Du m\u00f6chtest gerne Mitglied werden und so unsere Arbeit nachhaltig und kontinuierlich unterst\u00fctzen?<br \/>Dann findest du hier alle Informationen dazu.<\/p><p style=\"font-weight: 400;\">F\u00fcr einen Jahresbeitrag von 20,-\u20ac kannst du Teil des Vereins werden.<\/p><p style=\"font-weight: 400;\">Wir bieten dir auf dem Formular zur Mitgliedschaft auch die M\u00f6glichkeit an, den j\u00e4hrlichen Betrag frei zu w\u00e4hlen. Du kannst auf dem Antrag das entsprechende Feld ankreuzen und deinen freigew\u00e4hlten Betrag (mind. 20,- \u20ac) eintragen.<\/p><p style=\"font-weight: 400;\">Den Antrag zur Mitgliedschaft und das SEPA-Lastschriftmandat findest du\u00a0<a href=\"https:\/\/midwives4tanzania.org\/en\/mitgliedsantrag\/\" target=\"_blank\" rel=\"noopener\"><span style=\"text-decoration: underline;\"><strong>HIER<\/strong><\/span><\/a>.<\/p><p style=\"font-weight: 400;\">Bitte f\u00fcllen den Antrag aus, lade ihn runter und schicke ihn unterschrieben per <a href=\"mailto:info@midwives4tanzania.org\"><strong>e-mail<\/strong><\/a> or <a href=\"https:\/\/midwives4tanzania.org\/en\/kontakt\/\" target=\"_blank\" rel=\"noopener\"><strong>Post<\/strong><\/a> an uns zur\u00fcck.<\/p>\t\t\t\t\t\t\t\t<\/div>\n\t\t\t\t<\/div>\n\t\t\t\t\t<\/div>\n\t\t\t\t<\/div>\n\t\t<div class=\"elementor-element elementor-element-2ca46ac e-flex e-con-boxed wpr-particle-no wpr-jarallax-no wpr-parallax-no wpr-sticky-section-no e-con e-parent\" data-id=\"2ca46ac\" data-element_type=\"container\">\n\t\t\t\t\t<div class=\"e-con-inner\">\n\t\t\t\t<div class=\"elementor-element elementor-element-bf255c2 elementor-widget elementor-widget-spacer\" data-id=\"bf255c2\" data-element_type=\"widget\" data-widget_type=\"spacer.default\">\n\t\t\t\t<div class=\"elementor-widget-container\">\n\t\t\t\t\t\t\t<div class=\"elementor-spacer\">\n\t\t\t<div class=\"elementor-spacer-inner\"><\/div>\n\t\t<\/div>\n\t\t\t\t\t\t<\/div>\n\t\t\t\t<\/div>\n\t\t\t\t<div class=\"elementor-element elementor-element-2ec7d07 elementor-widget-divider--view-line elementor-widget elementor-widget-divider\" data-id=\"2ec7d07\" data-element_type=\"widget\" data-widget_type=\"divider.default\">\n\t\t\t\t<div class=\"elementor-widget-container\">\n\t\t\t\t\t\t\t<div class=\"elementor-divider\">\n\t\t\t<span class=\"elementor-divider-separator\">\n\t\t\t\t\t\t<\/span>\n\t\t<\/div>\n\t\t\t\t\t\t<\/div>\n\t\t\t\t<\/div>\n\t\t\t\t\t<\/div>\n\t\t\t\t<\/div>\n\t\t\t\t<\/div>","protected":false},"excerpt":{"rendered":"<p>Mitglied werden Du m\u00f6chtest gerne Mitglied werden und so unsere Arbeit nachhaltig und kontinuierlich unterst\u00fctzen?Dann findest du hier alle Informationen dazu. F\u00fcr einen Jahresbeitrag von 20,-\u20ac kannst du Teil des Vereins werden. Wir bieten dir auf dem Formular zur Mitgliedschaft auch die M\u00f6glichkeit an, den j\u00e4hrlichen Betrag frei zu w\u00e4hlen. Du kannst auf dem Antrag das entsprechende Feld ankreuzen und deinen freigew\u00e4hlten Betrag (mind. 20,- \u20ac) eintragen. Den Antrag zur Mitgliedschaft und das SEPA-Lastschriftmandat findest du\u00a0HIER. Bitte f\u00fcllen den Antrag aus, lade ihn runter und schicke ihn unterschrieben per E-Mail oder Post an uns zur\u00fcck.<\/p>","protected":false},"author":1,"featured_media":0,"parent":0,"menu_order":0,"comment_status":"closed","ping_status":"closed","template":"","meta":{"site-sidebar-layout":"no-sidebar","site-content-layout":"page-builder","ast-site-content-layout":"full-width-container","site-content-style":"unboxed","site-sidebar-style":"unboxed","ast-global-header-display":"","ast-banner-title-visibility":"","ast-main-header-display":"","ast-hfb-above-header-display":"","ast-hfb-below-header-display":"","ast-hfb-mobile-header-display":"","site-post-title":"disabled","ast-breadcrumbs-content":"","ast-featured-img":"disabled","footer-sml-layout":"","theme-transparent-header-meta":"","adv-header-id-meta":"","stick-header-meta":"","header-above-stick-meta":"","header-main-stick-meta":"","header-below-stick-meta":"","astra-migrate-meta-layouts":"set","ast-page-background-enabled":"default","ast-page-background-meta":{"desktop":{"background-color":"","background-image":"","background-repeat":"repeat","background-position":"center center","background-size":"auto","background-attachment":"scroll","background-type":"","background-media":"","overlay-type":"","overlay-color":"","overlay-opacity":"","overlay-gradient":""},"tablet":{"background-color":"","background-image":"","background-repeat":"repeat","background-position":"center center","background-size":"auto","background-attachment":"scroll","background-type":"","background-media":"","overlay-type":"","overlay-color":"","overlay-opacity":"","overlay-gradient":""},"mobile":{"background-color":"","background-image":"","background-repeat":"repeat","background-position":"center center","background-size":"auto","background-attachment":"scroll","background-type":"","background-media":"","overlay-type":"","overlay-color":"","overlay-opacity":"","overlay-gradient":""}},"ast-content-background-meta":{"desktop":{"background-color":"var(--ast-global-color-5)","background-image":"","background-repeat":"repeat","background-position":"center center","background-size":"auto","background-attachment":"scroll","background-type":"","background-media":"","overlay-type":"","overlay-color":"","overlay-opacity":"","overlay-gradient":""},"tablet":{"background-color":"var(--ast-global-color-5)","background-image":"","background-repeat":"repeat","background-position":"center center","background-size":"auto","background-attachment":"scroll","background-type":"","background-media":"","overlay-type":"","overlay-color":"","overlay-opacity":"","overlay-gradient":""},"mobile":{"background-color":"var(--ast-global-color-5)","background-image":"","background-repeat":"repeat","background-position":"center center","background-size":"auto","background-attachment":"scroll","background-type":"","background-media":"","overlay-type":"","overlay-color":"","overlay-opacity":"","overlay-gradient":""}},"footnotes":""},"class_list":["post-103","page","type-page","status-publish","hentry"],"_links":{"self":[{"href":"https:\/\/midwives4tanzania.org\/en\/wp-json\/wp\/v2\/pages\/103","targetHints":{"allow":["GET"]}}],"collection":[{"href":"https:\/\/midwives4tanzania.org\/en\/wp-json\/wp\/v2\/pages"}],"about":[{"href":"https:\/\/midwives4tanzania.org\/en\/wp-json\/wp\/v2\/types\/page"}],"author":[{"embeddable":true,"href":"https:\/\/midwives4tanzania.org\/en\/wp-json\/wp\/v2\/users\/1"}],"replies":[{"embeddable":true,"href":"https:\/\/midwives4tanzania.org\/en\/wp-json\/wp\/v2\/comments?post=103"}],"version-history":[{"count":46,"href":"https:\/\/midwives4tanzania.org\/en\/wp-json\/wp\/v2\/pages\/103\/revisions"}],"predecessor-version":[{"id":5108,"href":"https:\/\/midwives4tanzania.org\/en\/wp-json\/wp\/v2\/pages\/103\/revisions\/5108"}],"wp:attachment":[{"href":"https:\/\/midwives4tanzania.org\/en\/wp-json\/wp\/v2\/media?parent=103"}],"curies":[{"name":"wp","href":"https:\/\/api.w.org\/{rel}","templated":true}]}}