{"id":2111,"date":"2018-02-23T12:13:45","date_gmt":"2018-02-23T12:13:45","guid":{"rendered":"https:\/\/midwives4tanzania.org\/who-we-are\/"},"modified":"2024-04-18T16:42:54","modified_gmt":"2024-04-18T16:42:54","slug":"ueber-uns","status":"publish","type":"page","link":"https:\/\/midwives4tanzania.org\/en\/ueber-uns\/","title":{"rendered":"About us"},"content":{"rendered":"<div data-elementor-type=\"wp-post\" data-elementor-id=\"2111\" class=\"elementor elementor-2111\">\n\t\t\t\t<div class=\"elementor-element elementor-element-82a13a2 e-flex e-con-boxed wpr-particle-no wpr-jarallax-no wpr-parallax-no wpr-sticky-section-no e-con e-parent\" data-id=\"82a13a2\" data-element_type=\"container\" data-settings=\"{&quot;background_background&quot;:&quot;classic&quot;}\">\n\t\t\t\t\t<div class=\"e-con-inner\">\n\t\t<div class=\"elementor-element elementor-element-a0d4b3e e-con-full e-flex wpr-particle-no wpr-jarallax-no wpr-parallax-no wpr-sticky-section-no e-con e-child\" data-id=\"a0d4b3e\" data-element_type=\"container\">\n\t\t\t\t<div class=\"elementor-element elementor-element-1fcf4ed elementor-widget-divider--view-line elementor-widget elementor-widget-divider\" data-id=\"1fcf4ed\" data-element_type=\"widget\" data-widget_type=\"divider.default\">\n\t\t\t\t<div class=\"elementor-widget-container\">\n\t\t\t\t\t\t\t<div class=\"elementor-divider\">\n\t\t\t<span class=\"elementor-divider-separator\">\n\t\t\t\t\t\t<\/span>\n\t\t<\/div>\n\t\t\t\t\t\t<\/div>\n\t\t\t\t<\/div>\n\t\t\t\t<div class=\"elementor-element elementor-element-e91eb80 elementor-widget__width-initial elementor-widget elementor-widget-text-editor\" data-id=\"e91eb80\" data-element_type=\"widget\" data-widget_type=\"text-editor.default\">\n\t\t\t\t<div class=\"elementor-widget-container\">\n\t\t\t\t\t\t\t\t\t<h1><span style=\"color: #ffffff;\">Leben holen<\/span><br \/><span style=\"color: #ffffff;\">hei\u00dft Liebe schenken<\/span><\/h1>\t\t\t\t\t\t\t\t<\/div>\n\t\t\t\t<\/div>\n\t\t\t\t<\/div>\n\t\t\t\t\t<\/div>\n\t\t\t\t<\/div>\n\t\t<div class=\"elementor-element elementor-element-03f188b e-flex e-con-boxed wpr-particle-no wpr-jarallax-no wpr-parallax-no wpr-sticky-section-no e-con e-parent\" data-id=\"03f188b\" data-element_type=\"container\">\n\t\t\t\t\t<div class=\"e-con-inner\">\n\t\t<div class=\"elementor-element elementor-element-a4ffe90 e-con-full e-flex wpr-particle-no wpr-jarallax-no wpr-parallax-no wpr-sticky-section-no e-con e-child\" data-id=\"a4ffe90\" data-element_type=\"container\">\n\t\t\t\t<div class=\"elementor-element elementor-element-ae70a66 elementor-widget elementor-widget-heading\" data-id=\"ae70a66\" data-element_type=\"widget\" data-widget_type=\"heading.default\">\n\t\t\t\t<div class=\"elementor-widget-container\">\n\t\t\t\t\t<h2 class=\"elementor-heading-title elementor-size-default\">About us<\/h2>\t\t\t\t<\/div>\n\t\t\t\t<\/div>\n\t\t\t\t<div class=\"elementor-element elementor-element-99ac812 elementor-widget-divider--view-line elementor-widget elementor-widget-divider\" data-id=\"99ac812\" data-element_type=\"widget\" data-widget_type=\"divider.default\">\n\t\t\t\t<div class=\"elementor-widget-container\">\n\t\t\t\t\t\t\t<div class=\"elementor-divider\">\n\t\t\t<span class=\"elementor-divider-separator\">\n\t\t\t\t\t\t<\/span>\n\t\t<\/div>\n\t\t\t\t\t\t<\/div>\n\t\t\t\t<\/div>\n\t\t\t\t<\/div>\n\t\t\t\t<div class=\"elementor-element elementor-element-ff7b1b4 elementor-widget elementor-widget-text-editor\" data-id=\"ff7b1b4\" data-element_type=\"widget\" data-widget_type=\"text-editor.default\">\n\t\t\t\t<div class=\"elementor-widget-container\">\n\t\t\t\t\t\t\t\t\t<p style=\"font-weight: 400; text-align: center;\">In 2017, we both came to Tanzania for the first time as volunteers, independently of each other, to work in Iringa (Conny) and<br \/>Arusha (Inga) to gain experience in the Tanzanian healthcare system.<\/p><p style=\"text-align: center;\"><span style=\"font-size: 16px;\">6 years later, we decided to found the non-profit organization \"Midwives 4 Tanzania e.V.\" to improve medical care for pregnant women, women in labor and young mothers.<\/span><\/p><p style=\"text-align: center;\">We both share not only the profession of midwifery, but also the fascination for Tanzania and the motivation to provide the best possible care for women during pregnancy, birth and the postpartum period. <br \/>For us, midwifery is not just a profession, but a vocation.<\/p>\t\t\t\t\t\t\t\t<\/div>\n\t\t\t\t<\/div>\n\t\t\t\t\t<\/div>\n\t\t\t\t<\/div>\n\t\t<div class=\"elementor-element elementor-element-1840b5c e-flex e-con-boxed wpr-particle-no wpr-jarallax-no wpr-parallax-no wpr-sticky-section-no e-con e-parent\" data-id=\"1840b5c\" data-element_type=\"container\">\n\t\t\t\t\t<div class=\"e-con-inner\">\n\t\t<div class=\"elementor-element elementor-element-94b713a e-con-full e-flex wpr-particle-no wpr-jarallax-no wpr-parallax-no wpr-sticky-section-no e-con e-child\" data-id=\"94b713a\" data-element_type=\"container\">\n\t\t\t\t<div class=\"elementor-element elementor-element-65b9049 elementor-widget__width-initial elementor-widget elementor-widget-image\" data-id=\"65b9049\" data-element_type=\"widget\" data-widget_type=\"image.default\">\n\t\t\t\t<div class=\"elementor-widget-container\">\n\t\t\t\t\t\t\t\t\t\t\t\t\t\t\t<img fetchpriority=\"high\" decoding=\"async\" width=\"340\" height=\"529\" src=\"https:\/\/midwives4tanzania.org\/wp-content\/uploads\/2024\/02\/c42ce94b-7882-4606-90e3-dbad03adac91-e1707755215272.jpeg\" class=\"attachment-large size-large wp-image-4007\" alt=\"\" srcset=\"https:\/\/midwives4tanzania.org\/wp-content\/uploads\/2024\/02\/c42ce94b-7882-4606-90e3-dbad03adac91-e1707755215272.jpeg 340w, https:\/\/midwives4tanzania.org\/wp-content\/uploads\/2024\/02\/c42ce94b-7882-4606-90e3-dbad03adac91-e1707755215272-193x300.jpeg 193w, https:\/\/midwives4tanzania.org\/wp-content\/uploads\/2024\/02\/c42ce94b-7882-4606-90e3-dbad03adac91-e1707755215272-8x12.jpeg 8w\" sizes=\"(max-width: 340px) 100vw, 340px\" \/>\t\t\t\t\t\t\t\t\t\t\t\t\t\t\t<\/div>\n\t\t\t\t<\/div>\n\t\t\t\t<\/div>\n\t\t<div class=\"elementor-element elementor-element-69fcd96 e-con-full e-flex wpr-particle-no wpr-jarallax-no wpr-parallax-no wpr-sticky-section-no e-con e-child\" data-id=\"69fcd96\" data-element_type=\"container\">\n\t\t\t\t<div class=\"elementor-element elementor-element-eb0d89e elementor-widget elementor-widget-text-editor\" data-id=\"eb0d89e\" data-element_type=\"widget\" data-widget_type=\"text-editor.default\">\n\t\t\t\t<div class=\"elementor-widget-container\">\n\t\t\t\t\t\t\t\t\t<h4>Conny<\/h4><p style=\"font-weight: 400;\">Was born and raised in D\u00fcsseldorf and studied midwifery (B.S.C) in Bochum until 2015 after graduating from high school.<br \/><span style=\"font-style: inherit; text-align: var(--text-align);\">Afterwards she worked in a university clinic and started self-employment at the same time.<br \/><\/span>After working exclusively as a self-employed in 2017, she traveled to Tanzania for the first time to work in a small clinic there. She fell in love with the country (and with a man) and kept coming back to Tanzania.<\/p><p>She had her first daughter in 2019, followed by her second in 2023.<br \/>Conny loves her job, being a mom and traveling.<\/p>\t\t\t\t\t\t\t\t<\/div>\n\t\t\t\t<\/div>\n\t\t\t\t<\/div>\n\t\t\t\t\t<\/div>\n\t\t\t\t<\/div>\n\t\t<div class=\"elementor-element elementor-element-4a51d07 e-flex e-con-boxed wpr-particle-no wpr-jarallax-no wpr-parallax-no wpr-sticky-section-no e-con e-parent\" data-id=\"4a51d07\" data-element_type=\"container\">\n\t\t\t\t\t<div class=\"e-con-inner\">\n\t\t<div class=\"elementor-element elementor-element-b074b36 e-con-full e-flex wpr-particle-no wpr-jarallax-no wpr-parallax-no wpr-sticky-section-no e-con e-child\" data-id=\"b074b36\" data-element_type=\"container\">\n\t\t\t\t<div class=\"elementor-element elementor-element-8e8aed9 elementor-widget elementor-widget-image\" data-id=\"8e8aed9\" data-element_type=\"widget\" data-widget_type=\"image.default\">\n\t\t\t\t<div class=\"elementor-widget-container\">\n\t\t\t\t\t\t\t\t\t\t\t\t\t\t\t<img decoding=\"async\" width=\"617\" height=\"1024\" src=\"https:\/\/midwives4tanzania.org\/wp-content\/uploads\/2024\/02\/IMG_3159-e1707744149193-617x1024.jpeg\" class=\"attachment-large size-large wp-image-3996\" alt=\"\" srcset=\"https:\/\/midwives4tanzania.org\/wp-content\/uploads\/2024\/02\/IMG_3159-e1707744149193-617x1024.jpeg 617w, https:\/\/midwives4tanzania.org\/wp-content\/uploads\/2024\/02\/IMG_3159-e1707744149193-181x300.jpeg 181w, https:\/\/midwives4tanzania.org\/wp-content\/uploads\/2024\/02\/IMG_3159-e1707744149193-768x1275.jpeg 768w, https:\/\/midwives4tanzania.org\/wp-content\/uploads\/2024\/02\/IMG_3159-e1707744149193-925x1536.jpeg 925w, https:\/\/midwives4tanzania.org\/wp-content\/uploads\/2024\/02\/IMG_3159-e1707744149193-7x12.jpeg 7w, https:\/\/midwives4tanzania.org\/wp-content\/uploads\/2024\/02\/IMG_3159-e1707744149193.jpeg 956w\" sizes=\"(max-width: 617px) 100vw, 617px\" \/>\t\t\t\t\t\t\t\t\t\t\t\t\t\t\t<\/div>\n\t\t\t\t<\/div>\n\t\t\t\t<\/div>\n\t\t<div class=\"elementor-element elementor-element-b7c6cce e-con-full e-flex wpr-particle-no wpr-jarallax-no wpr-parallax-no wpr-sticky-section-no e-con e-child\" data-id=\"b7c6cce\" data-element_type=\"container\">\n\t\t\t\t<div class=\"elementor-element elementor-element-1dca666 elementor-widget elementor-widget-text-editor\" data-id=\"1dca666\" data-element_type=\"widget\" data-widget_type=\"text-editor.default\">\n\t\t\t\t<div class=\"elementor-widget-container\">\n\t\t\t\t\t\t\t\t\t<h4>Inga<\/h4><p style=\"font-weight: 00;\">born and raised near Frankfurt am Main, first trained as a healthcare and pediatric nurse after graduating from high school and came to Tanzania for the first time after graduating in 2017 to work in a clinic and an orphanage.<\/p><p style=\"font-weight: 400;\">After completing her bachelor's degree in midwifery in 2022, she started working as a clinical and self-employed midwife. In 2023, she moved back to Tanzania to work in obstetrics at a clinic in Iringa. She loves traveling, getting to know foreign cultures and is a midwife with all her heart.<\/p>\t\t\t\t\t\t\t\t<\/div>\n\t\t\t\t<\/div>\n\t\t\t\t<\/div>\n\t\t\t\t\t<\/div>\n\t\t\t\t<\/div>\n\t\t<div class=\"elementor-element elementor-element-8499796 e-flex e-con-boxed wpr-particle-no wpr-jarallax-no wpr-parallax-no wpr-sticky-section-no e-con e-parent\" data-id=\"8499796\" data-element_type=\"container\">\n\t\t\t\t\t<div class=\"e-con-inner\">\n\t\t\t\t<div class=\"elementor-element elementor-element-7e7d4cf elementor-widget-divider--view-line elementor-widget elementor-widget-divider\" data-id=\"7e7d4cf\" data-element_type=\"widget\" data-widget_type=\"divider.default\">\n\t\t\t\t<div class=\"elementor-widget-container\">\n\t\t\t\t\t\t\t<div class=\"elementor-divider\">\n\t\t\t<span class=\"elementor-divider-separator\">\n\t\t\t\t\t\t<\/span>\n\t\t<\/div>\n\t\t\t\t\t\t<\/div>\n\t\t\t\t<\/div>\n\t\t\t\t\t<\/div>\n\t\t\t\t<\/div>\n\t\t<div class=\"elementor-element elementor-element-c3b49ce e-flex e-con-boxed wpr-particle-no wpr-jarallax-no wpr-parallax-no wpr-sticky-section-no e-con e-parent\" data-id=\"c3b49ce\" data-element_type=\"container\">\n\t\t\t\t\t<div class=\"e-con-inner\">\n\t\t\t\t<div class=\"elementor-element elementor-element-265c755 elementor-widget elementor-widget-text-editor\" data-id=\"265c755\" data-element_type=\"widget\" data-widget_type=\"text-editor.default\">\n\t\t\t\t<div class=\"elementor-widget-container\">\n\t\t\t\t\t\t\t\t\t<p style=\"text-align: center;\">Ein gro\u00dfes Dankesch\u00f6n geht ebenfalls an unsere Gr\u00fcndungsmitglieder: Elisabeth, Heinrich, Irmgard, Rudolf und Thorben.<br \/>Danke, dass Ihr von Anfang an an unsere Idee geglaubt habt!<\/p>\t\t\t\t\t\t\t\t<\/div>\n\t\t\t\t<\/div>\n\t\t\t\t<div class=\"elementor-element elementor-element-d5cad3d elementor-widget-divider--view-line elementor-widget elementor-widget-divider\" data-id=\"d5cad3d\" data-element_type=\"widget\" data-widget_type=\"divider.default\">\n\t\t\t\t<div class=\"elementor-widget-container\">\n\t\t\t\t\t\t\t<div class=\"elementor-divider\">\n\t\t\t<span class=\"elementor-divider-separator\">\n\t\t\t\t\t\t<\/span>\n\t\t<\/div>\n\t\t\t\t\t\t<\/div>\n\t\t\t\t<\/div>\n\t\t\t\t\t<\/div>\n\t\t\t\t<\/div>\n\t\t<div class=\"elementor-element elementor-element-4343357 e-flex e-con-boxed wpr-particle-no wpr-jarallax-no wpr-parallax-no wpr-sticky-section-no e-con e-parent\" data-id=\"4343357\" data-element_type=\"container\">\n\t\t\t\t\t<div class=\"e-con-inner\">\n\t\t<div class=\"elementor-element elementor-element-9282acf e-con-full e-flex wpr-particle-no wpr-jarallax-no wpr-parallax-no wpr-sticky-section-no e-con e-child\" data-id=\"9282acf\" data-element_type=\"container\">\n\t\t\t\t<div class=\"elementor-element elementor-element-790cadf elementor-widget elementor-widget-heading\" data-id=\"790cadf\" data-element_type=\"widget\" data-widget_type=\"heading.default\">\n\t\t\t\t<div class=\"elementor-widget-container\">\n\t\t\t\t\t<h4 class=\"elementor-heading-title elementor-size-default\">In Tanzania<\/h4>\t\t\t\t<\/div>\n\t\t\t\t<\/div>\n\t\t<div class=\"elementor-element elementor-element-dcade60 e-con-full e-flex wpr-particle-no wpr-jarallax-no wpr-parallax-no wpr-sticky-section-no e-con e-child\" data-id=\"dcade60\" data-element_type=\"container\">\n\t\t\t\t<div class=\"elementor-element elementor-element-ca3e40a elementor-widget elementor-widget-image\" data-id=\"ca3e40a\" data-element_type=\"widget\" data-widget_type=\"image.default\">\n\t\t\t\t<div class=\"elementor-widget-container\">\n\t\t\t\t\t\t\t\t\t\t\t\t\t\t\t<img decoding=\"async\" width=\"150\" height=\"150\" src=\"https:\/\/midwives4tanzania.org\/wp-content\/uploads\/2024\/03\/PHOTO-2024-03-13-14-25-01-e1710526632926-150x150.jpg\" class=\"attachment-thumbnail size-thumbnail wp-image-4736\" alt=\"\" \/>\t\t\t\t\t\t\t\t\t\t\t\t\t\t\t<\/div>\n\t\t\t\t<\/div>\n\t\t\t\t<\/div>\n\t\t\t\t<\/div>\n\t\t<div class=\"elementor-element elementor-element-495e325 e-con-full e-flex wpr-particle-no wpr-jarallax-no wpr-parallax-no wpr-sticky-section-no e-con e-child\" data-id=\"495e325\" data-element_type=\"container\">\n\t\t\t\t<div class=\"elementor-element elementor-element-813ab14 elementor-widget elementor-widget-spacer\" data-id=\"813ab14\" data-element_type=\"widget\" data-widget_type=\"spacer.default\">\n\t\t\t\t<div class=\"elementor-widget-container\">\n\t\t\t\t\t\t\t<div class=\"elementor-spacer\">\n\t\t\t<div class=\"elementor-spacer-inner\"><\/div>\n\t\t<\/div>\n\t\t\t\t\t\t<\/div>\n\t\t\t\t<\/div>\n\t\t\t\t<div class=\"elementor-element elementor-element-d920e05 elementor-widget elementor-widget-text-editor\" data-id=\"d920e05\" data-element_type=\"widget\" data-widget_type=\"text-editor.default\">\n\t\t\t\t<div class=\"elementor-widget-container\">\n\t\t\t\t\t\t\t\t\t<h4>Timo<\/h4><p>Although he is not a midwife, he is our \"support person\" on site in Iringa.  When Conny and Inga are in Germany, he is the first point of contact for things that need to be arranged locally in Tanzania.<\/p>\t\t\t\t\t\t\t\t<\/div>\n\t\t\t\t<\/div>\n\t\t\t\t<\/div>\n\t\t\t\t\t<\/div>\n\t\t\t\t<\/div>\n\t\t\t\t<\/div>","protected":false},"excerpt":{"rendered":"<p>Leben holenhei\u00dft Liebe schenken \u00dcber uns 2017 kamen wir unabh\u00e4ngig voneinander beide zum erste Mal als Volunteers nach Tansania um in Iringa (Conny) undArusha (Inga) Erfahrungen im tansanischen Gesundheitswesen zusammeln. 6 Jahre sp\u00e4ter haben wir gemeinsam beschlossen den gemeinn\u00fctzigen Verein \u201eMidwives 4 Tanzania e.V.\u201c zu gr\u00fcnden, um die medizinische Versorgung von Schwangeren, Geb\u00e4renden und jungen M\u00fcttern zu verbessern. Wir beide teilen nicht nur den Beruf der Hebamme, sondern auch die Faszination f\u00fcr das wundersch\u00f6ne Tansania und die Motivation den Frauen in der Schwangerschaft, unter Geburt und im Wochenbett die beste Versorgung zu erm\u00f6glichen. Hebamme ist f\u00fcr uns nicht nur ein Beruf, sondern Berufung. Conny Ist in D\u00fcsseldorf geboren und aufgewachsen und studierte nach dem Abitur Hebammenkunde (B. S.C) bis 2015 in Bochum.Anschlie\u00dfend arbeitete sie in einer Uniklinik und startete gleichzeitig in die Freiberuflichkeit.Nachdem sie 2017 ausschlie\u00dflich freiberuflich t\u00e4tig war, reiste sie zum ersten Mal nach Tansania, um dort in einer kleinen Klinik zu arbeiten. Sie verliebte sich in das Land (und in einen Mann) und kam so immer wieder zur\u00fcck nach Tansania. 2019 bekam sie ihre erste Tochter und 2023 folgte dann die zweite.Conny liebt ihren Beruf, das Mama sein und das Reisen. Inga geboren und aufgewachsen in der N\u00e4he von Frankfurt am Main machte nach dem Abitur zuerst eine Ausbildung zur Gesundheits- und Kinderkrankenpflegerin und kam nach dem Examen 2017 das erste Mal nach Tansania, um in einer Klinik und einem Waisenhaus zu arbeiten. Nach dem Abschluss des Bachelorstudiums zur Hebamme 2022 startete sie klinisch und freiberuflich als Hebamme. 2023 zog es sie dann zur\u00fcck nach Tansania, um in Iringa in einer Klinik in der Geburtshilfe mitzuarbeiten. Sie liebt das Reisen, Kennenlernen fremder Kulturen und ist mit ganzem Herzen Hebamme. Ein gro\u00dfes Dankesch\u00f6n geht ebenfalls an unsere Gr\u00fcndungsmitglieder: Elisabeth, Heinrich, Irmgard, Rudolf und Thorben.Danke, dass Ihr von Anfang an an unsere Idee geglaubt habt! Vor Ort in Tansania Timo Er ist zwar keine Hebamme, aber unsere &#8222;Hilfsperson&#8220; vor Ort in Iringa. \u00a0F\u00fcr die Zeit, wenn Conny und Inga in Deutschland sind ist er die erste Ansprechperson f\u00fcr Dinge, die vor Ort in Tansania geregelt werden m\u00fcssen.<\/p>","protected":false},"author":1,"featured_media":0,"parent":0,"menu_order":0,"comment_status":"closed","ping_status":"closed","template":"","meta":{"site-sidebar-layout":"no-sidebar","site-content-layout":"page-builder","ast-site-content-layout":"full-width-container","site-content-style":"unboxed","site-sidebar-style":"unboxed","ast-global-header-display":"","ast-banner-title-visibility":"","ast-main-header-display":"","ast-hfb-above-header-display":"","ast-hfb-below-header-display":"","ast-hfb-mobile-header-display":"","site-post-title":"disabled","ast-breadcrumbs-content":"","ast-featured-img":"disabled","footer-sml-layout":"","theme-transparent-header-meta":"","adv-header-id-meta":"","stick-header-meta":"","header-above-stick-meta":"","header-main-stick-meta":"","header-below-stick-meta":"","astra-migrate-meta-layouts":"set","ast-page-background-enabled":"default","ast-page-background-meta":{"desktop":{"background-color":"","background-image":"","background-repeat":"repeat","background-position":"center center","background-size":"auto","background-attachment":"scroll","background-type":"","background-media":"","overlay-type":"","overlay-color":"","overlay-opacity":"","overlay-gradient":""},"tablet":{"background-color":"","background-image":"","background-repeat":"repeat","background-position":"center center","background-size":"auto","background-attachment":"scroll","background-type":"","background-media":"","overlay-type":"","overlay-color":"","overlay-opacity":"","overlay-gradient":""},"mobile":{"background-color":"","background-image":"","background-repeat":"repeat","background-position":"center center","background-size":"auto","background-attachment":"scroll","background-type":"","background-media":"","overlay-type":"","overlay-color":"","overlay-opacity":"","overlay-gradient":""}},"ast-content-background-meta":{"desktop":{"background-color":"var(--ast-global-color-5)","background-image":"","background-repeat":"repeat","background-position":"center center","background-size":"auto","background-attachment":"scroll","background-type":"","background-media":"","overlay-type":"","overlay-color":"","overlay-opacity":"","overlay-gradient":""},"tablet":{"background-color":"var(--ast-global-color-5)","background-image":"","background-repeat":"repeat","background-position":"center center","background-size":"auto","background-attachment":"scroll","background-type":"","background-media":"","overlay-type":"","overlay-color":"","overlay-opacity":"","overlay-gradient":""},"mobile":{"background-color":"var(--ast-global-color-5)","background-image":"","background-repeat":"repeat","background-position":"center center","background-size":"auto","background-attachment":"scroll","background-type":"","background-media":"","overlay-type":"","overlay-color":"","overlay-opacity":"","overlay-gradient":""}},"footnotes":""},"class_list":["post-2111","page","type-page","status-publish","hentry"],"_links":{"self":[{"href":"https:\/\/midwives4tanzania.org\/en\/wp-json\/wp\/v2\/pages\/2111","targetHints":{"allow":["GET"]}}],"collection":[{"href":"https:\/\/midwives4tanzania.org\/en\/wp-json\/wp\/v2\/pages"}],"about":[{"href":"https:\/\/midwives4tanzania.org\/en\/wp-json\/wp\/v2\/types\/page"}],"author":[{"embeddable":true,"href":"https:\/\/midwives4tanzania.org\/en\/wp-json\/wp\/v2\/users\/1"}],"replies":[{"embeddable":true,"href":"https:\/\/midwives4tanzania.org\/en\/wp-json\/wp\/v2\/comments?post=2111"}],"version-history":[{"count":55,"href":"https:\/\/midwives4tanzania.org\/en\/wp-json\/wp\/v2\/pages\/2111\/revisions"}],"predecessor-version":[{"id":4877,"href":"https:\/\/midwives4tanzania.org\/en\/wp-json\/wp\/v2\/pages\/2111\/revisions\/4877"}],"wp:attachment":[{"href":"https:\/\/midwives4tanzania.org\/en\/wp-json\/wp\/v2\/media?parent=2111"}],"curies":[{"name":"wp","href":"https:\/\/api.w.org\/{rel}","templated":true}]}}