{"id":3791,"date":"2024-02-01T16:02:54","date_gmt":"2024-02-01T16:02:54","guid":{"rendered":"https:\/\/midwives4tanzania.org\/?page_id=3791"},"modified":"2024-05-23T06:12:44","modified_gmt":"2024-05-23T06:12:44","slug":"satzung","status":"publish","type":"page","link":"https:\/\/midwives4tanzania.org\/en\/satzung\/","title":{"rendered":"Articles of Association"},"content":{"rendered":"<div data-elementor-type=\"wp-page\" data-elementor-id=\"3791\" class=\"elementor elementor-3791\">\n\t\t\t\t<div class=\"elementor-element elementor-element-44d9cb30 e-flex e-con-boxed wpr-particle-no wpr-jarallax-no wpr-parallax-no wpr-sticky-section-no e-con e-parent\" data-id=\"44d9cb30\" data-element_type=\"container\">\n\t\t\t\t\t<div class=\"e-con-inner\">\n\t\t\t\t\t<\/div>\n\t\t\t\t<\/div>\n\t\t<div class=\"elementor-element elementor-element-1eaada3 e-flex e-con-boxed wpr-particle-no wpr-jarallax-no wpr-parallax-no wpr-sticky-section-no e-con e-parent\" data-id=\"1eaada3\" data-element_type=\"container\">\n\t\t\t\t\t<div class=\"e-con-inner\">\n\t\t\t\t<div class=\"elementor-element elementor-element-35cd762 elementor-widget elementor-widget-text-editor\" data-id=\"35cd762\" data-element_type=\"widget\" data-widget_type=\"text-editor.default\">\n\t\t\t\t<div class=\"elementor-widget-container\">\n\t\t\t\t\t\t\t\t\t<h1>Articles of Association<\/h1>\t\t\t\t\t\t\t\t<\/div>\n\t\t\t\t<\/div>\n\t\t\t\t\t<\/div>\n\t\t\t\t<\/div>\n\t\t<div class=\"elementor-element elementor-element-fdf4803 e-flex e-con-boxed wpr-particle-no wpr-jarallax-no wpr-parallax-no wpr-sticky-section-no e-con e-parent\" data-id=\"fdf4803\" data-element_type=\"container\">\n\t\t\t\t\t<div class=\"e-con-inner\">\n\t\t\t\t<div class=\"elementor-element elementor-element-3983c1a elementor-widget elementor-widget-text-editor\" data-id=\"3983c1a\" data-element_type=\"widget\" data-widget_type=\"text-editor.default\">\n\t\t\t\t<div class=\"elementor-widget-container\">\n\t\t\t\t\t\t\t\t\t<h4 style=\"text-align: center;\">\u00a71<\/h4>\n<p style=\"font-weight: 400; text-align: left;\">Der Verein \u201eMidwives 4 Tanzania e.V.\u201c mit dem Sitz in 63110 Rodgau verfolgt ausschlie\u00dflich und unmittelbar gemeinn\u00fctzige und mildt\u00e4tige Zwecke im Sinne des Abschnitts \u201eSteuerbeg\u00fcnstigte Zwecke der Abgabeordnung.\u201c&nbsp;<\/p>\n<p style=\"font-weight: 400;\">Er soll im Vereinsregister des Amtsgerichts Offenbach am Main in das Vereinsregister eingetragen werden und f\u00fchrt nach Eintragung den Zusatz e.V.<\/p>\n<p style=\"font-weight: 400;\">Gesch\u00e4ftsjahr ist das Kalenderjahr.<\/p>\n<p style=\"font-weight: 400;\">Zweck des Vereins ist die F\u00f6rderung<\/p>\n<ol>\n<li>des \u00f6ffentlichen Gesundheitswesens und der \u00f6ffentlichen Gesundheitspflege, sowie die F\u00f6rderung der Rettung aus Lebensgefahr im Sinne des \u00a752 AO.<\/li>\n<\/ol>\n<p style=\"font-weight: 400;\">Dieser Satzungszweck wird insbesondere verwirklicht durch F\u00f6rderung der Ausbildung von Hebammen, \u00c4rzten und Fachpersonal zur Verbesserung der Betreuung von Schwangeren, der Geburtshilfe und der Betreuung von M\u00fcttern und ihren Neugeborenen, sowie zur Senkung der Sterblichkeitsrate im Rahmen der Schwangerschaft und Geburt.<\/p>\n<ol start=\"2\">\n<li>Mildt\u00e4tige Zwecke im Sinne des \u00a753 AO. Dieser Satzungszweck wird insbesondere verwirklicht durch die selbstlose Unterst\u00fctzung von Personen, die infolge ihres k\u00f6rperlichen, geistigen oder seelischen Zustandes auf Hilfe angewiesen sind. Verwirklicht insbesondere durch die verbesserte Geburtshilfe und Betreuung in Krankenh\u00e4usern und weiteren medizinischen Einrichtungen, die sich um Schwangere, Geb\u00e4rende und M\u00fctter mit Neugeborenen und die jeweiligen Bed\u00fcrfnissen k\u00fcmmern.<\/li>\n<\/ol>\n<p style=\"font-weight: 400;\">Durch die \u00f6ffentliche Benennung von Spenden in Tansania soll zum Ansehen der Bundesrepublik Deutschland beigetragen werden.<\/p>\n<p style=\"font-weight: 400;\">Als Hilfsperson in Tansania wird Timoccy Hemed Msofe benannt.<\/p>\n<h4 style=\"text-align: center;\">\u00a72<\/h4>\n<p style=\"font-weight: 400;\">Der Verein ist selbstlos t\u00e4tig. Er verfolgt nicht in erster Linie eigenwirtschaftliche Zwecke.<\/p>\n<h4 style=\"font-weight: 400; text-align: center;\"><strong>\u00a73<\/strong><\/h4>\n<p style=\"font-weight: 400;\">Mittel des Vereins d\u00fcrfen nur f\u00fcr die satzungsm\u00e4\u00dfigen Zwecke verwendet werden. Die Mitglieder erhalten keinen Zuwendungen aus Mitteln der K\u00f6rperschaft.&nbsp;<\/p>\n<h4 style=\"font-weight: 400; text-align: center;\"><strong>\u00a74<\/strong><\/h4>\n<p style=\"font-weight: 400;\">Es darf keine Person durch Ausgaben, die dem Zweck der K\u00f6rperschaft fremd sind, oder durch unverh\u00e4ltnism\u00e4\u00dfige hohe Verg\u00fctungen beg\u00fcnstigt werden.<\/p>\n<h4 style=\"font-weight: 400; text-align: center;\"><strong>\u00a75<\/strong><\/h4>\n<p style=\"font-weight: 400;\">Bei Aufl\u00f6sung oder Aufhebung des Vereins oder bei Wegfall steuerbeg\u00fcnstigter Zwecke f\u00e4llt das Verm\u00f6gen der K\u00f6rperschaft<\/p>\n<ol>\n<li>An die steuerbeg\u00fcnstigte K\u00f6rperschaft Haydom Friends e.V.- mit dem Sitz in 22303 Hamburg, die das Verm\u00f6gen unmittelbar und ausschlie\u00dflich f\u00fcr gemeinn\u00fctzige, mildt\u00e4tige oder kirchliche Zwecke zu verwenden hat.<\/li>\n<\/ol>\n<h4 style=\"text-align: center;\">\u00a76<\/h4>\n<p style=\"font-weight: 400;\">Mitglieder des Vereins k\u00f6nnen alle vollj\u00e4hrigen Personen werden, die einen schriftlichen Aufnahmeantrag beim Vorstand des Vereins gestellt haben. Lehnt der Vorstand die Aufnahme ab, kann der Beitrittswillige die Mitgliederversammlung berufen. Diese entscheidet endg\u00fcltig \u00fcber die Mitgliedschaft.&nbsp;&nbsp; &nbsp; &nbsp; &nbsp; &nbsp; &nbsp; &nbsp; &nbsp; &nbsp; &nbsp; &nbsp; &nbsp; &nbsp; &nbsp; &nbsp; &nbsp; &nbsp; &nbsp; &nbsp; &nbsp; &nbsp; &nbsp; &nbsp; &nbsp; &nbsp; &nbsp; &nbsp; &nbsp; &nbsp; &nbsp; &nbsp; &nbsp; &nbsp;<\/p>\n<h4 style=\"font-weight: 400; text-align: center;\"><strong>\u00a77<\/strong><\/h4>\n<p style=\"font-weight: 400;\">Die Mitgliedschaft endet durch Tod, Austrittserkl\u00e4rung oder Ausschluss. Der Austritt erfolgt durch schriftliche Erkl\u00e4rung gegen\u00fcber dem Vorstand. \u00dcber den Ausschluss beschlie\u00dft die Mitgliederversammlung mit einer Mehrheit von drei Vierteln der anwesenden Mitglieder.&nbsp; &nbsp; &nbsp; &nbsp; &nbsp; &nbsp; &nbsp; &nbsp; &nbsp; &nbsp; &nbsp; &nbsp; &nbsp; &nbsp; &nbsp; &nbsp; &nbsp; &nbsp; &nbsp; &nbsp; &nbsp; &nbsp; &nbsp; &nbsp; &nbsp; &nbsp; &nbsp; &nbsp; &nbsp; &nbsp; &nbsp; &nbsp; &nbsp; &nbsp;<\/p>\n<h4 style=\"font-weight: 400; text-align: center;\"><strong>\u00a78<\/strong><\/h4>\n<p style=\"font-weight: 400;\">Von den Mitgliedern werden Beitr\u00e4ge erhoben. Die H\u00f6he des Jahresbeitrages bel\u00e4uft sich auf 20 Euro. Dieses wird ab dem Eintrittsdatum f\u00e4llig.<\/p>\n<h4 style=\"font-weight: 400; text-align: center;\"><strong>\u00a79<\/strong><\/h4>\n<p>Organe des Vereins sind Vorstand und Mitgliederversammlung.<\/p>\n<h4 style=\"text-align: center;\">\u00a710<\/h4>\n<p style=\"font-weight: 400;\">Der Vorstand des Vereins besteht aus dem 1. Vorsitzenden, dem 2. Vorsitzenden, dem Kassierer und dem Schriftf\u00fchrer. Der Verein wird gerichtlich und au\u00dfergerichtlich durch den 1. und 2. Vorsitzenden je allein vertreten.&nbsp;<\/p>\n<ul>\n<li>Der 1. und 2. Vorsitzende k\u00f6nnen unabh\u00e4ngig voneinander im Sinne des Vereins <span style=\"font-size: 16px;\">zweckm\u00e4\u00dfige Aufgaben erledigen und sind somit Einzelvertretungsberechtigt.<\/span><\/li>\n<\/ul>\n<h4 style=\"text-align: center;\">\u00a711<\/h4>\n<p style=\"font-weight: 400;\">Der Vorstand wird von der Mitgliederversammlung auf die Dauer von vier Jahre, von dem Tag der Wahl angerechnet, gew\u00e4hlt. Der Vorstand bleibt jedoch auch nach Ablauf seiner Amtszeit bis zur Neuwahl des neuen Vorstandes im Amt. Der Vorstand fasst seine Beschl\u00fcsse in Vorstandssitzungen, die vom Vorsitzenden oder vom stellvertretenden Vorsitzenden schriftlich, fernm\u00fcndlich oder telegrafisch einberufen werden, zusammen.&nbsp;<\/p>\n<h4 style=\"text-align: center;\">\u00a712<\/h4>\n<p style=\"font-weight: 400;\">Mindestens einmal im Jahr, m\u00f6glichst zu Beginn des Kalenderjahres, findet eine ordentliche Mitgliederversammlung statt. Sie beschlie\u00dft vor allem \u00fcber die Beitr\u00e4ge, die Entlastung und die Wahl des Vorstandes und \u00fcber Satzungs\u00e4nderungen. Eine au\u00dferordentliche Mitgliederversammlung ist auf Verlangen eines Drittels der Mitglieder einzuberufen. Die Einladung zur Mitgliederversammlung erfolgt zwei Wochen vor der Versammlung in Textform per Post oder E-Mail.<\/p>\n<h4 style=\"text-align: center;\">\u00a713<\/h4>\n<p style=\"font-weight: 400;\">\u00dcber die Beschl\u00fcsse des Vorstandes und der Mitgliederversammlung ist eine Niederschrift aufzunehmen, die vom Vorsitzenden oder seinem Stellvertreter und vom Schriftf\u00fchrer oder einem von der Versammlung gew\u00e4hlten Protokollf\u00fchrer zu unterzeichnen ist.&nbsp;<\/p>\n<h4 style=\"text-align: center;\">\u00a714<\/h4>\n<p style=\"font-weight: 400;\">Die Aufl\u00f6sung kann nur in einer besonderen, zu diesem Zweck und mit einer Frist von einem Monat einzuberufenden au\u00dferordentlichen Mitgliederversammlung mit einer Mehrheit von drei Vierteln der erschienenen Mitglieder beschlossen werden.&nbsp;Die Versammlung beschlie\u00dft auch \u00fcber die Art der Liquidation und die Verwertung des verbliebenden Verm\u00f6gens.<\/p>\t\t\t\t\t\t\t\t<\/div>\n\t\t\t\t<\/div>\n\t\t\t\t\t<\/div>\n\t\t\t\t<\/div>\n\t\t\t\t<\/div>","protected":false},"excerpt":{"rendered":"<p>Satzung \u00a71 Der Verein \u201eMidwives 4 Tanzania e.V.\u201c mit dem Sitz in 63110 Rodgau verfolgt ausschlie\u00dflich und unmittelbar gemeinn\u00fctzige und mildt\u00e4tige Zwecke im Sinne des Abschnitts \u201eSteuerbeg\u00fcnstigte Zwecke der Abgabeordnung.\u201c&nbsp; Er soll im Vereinsregister des Amtsgerichts Offenbach am Main in das Vereinsregister eingetragen werden und f\u00fchrt nach Eintragung den Zusatz e.V. Gesch\u00e4ftsjahr ist das Kalenderjahr. Zweck des Vereins ist die F\u00f6rderung des \u00f6ffentlichen Gesundheitswesens und der \u00f6ffentlichen Gesundheitspflege, sowie die F\u00f6rderung der Rettung aus Lebensgefahr im Sinne des \u00a752 AO. Dieser Satzungszweck wird insbesondere verwirklicht durch F\u00f6rderung der Ausbildung von Hebammen, \u00c4rzten und Fachpersonal zur Verbesserung der Betreuung von Schwangeren, der Geburtshilfe und der Betreuung von M\u00fcttern und ihren Neugeborenen, sowie zur Senkung der Sterblichkeitsrate im Rahmen der Schwangerschaft und Geburt. Mildt\u00e4tige Zwecke im Sinne des \u00a753 AO. Dieser Satzungszweck wird insbesondere verwirklicht durch die selbstlose Unterst\u00fctzung von Personen, die infolge ihres k\u00f6rperlichen, geistigen oder seelischen Zustandes auf Hilfe angewiesen sind. Verwirklicht insbesondere durch die verbesserte Geburtshilfe und Betreuung in Krankenh\u00e4usern und weiteren medizinischen Einrichtungen, die sich um Schwangere, Geb\u00e4rende und M\u00fctter mit Neugeborenen und die jeweiligen Bed\u00fcrfnissen k\u00fcmmern. Durch die \u00f6ffentliche Benennung von Spenden in Tansania soll zum Ansehen der Bundesrepublik Deutschland beigetragen werden. Als Hilfsperson in Tansania wird Timoccy Hemed Msofe benannt. \u00a72 Der Verein ist selbstlos t\u00e4tig. Er verfolgt nicht in erster Linie eigenwirtschaftliche Zwecke. \u00a73 Mittel des Vereins d\u00fcrfen nur f\u00fcr die satzungsm\u00e4\u00dfigen Zwecke verwendet werden. Die Mitglieder erhalten keinen Zuwendungen aus Mitteln der K\u00f6rperschaft.&nbsp; \u00a74 Es darf keine Person durch Ausgaben, die dem Zweck der K\u00f6rperschaft fremd sind, oder durch unverh\u00e4ltnism\u00e4\u00dfige hohe Verg\u00fctungen beg\u00fcnstigt werden. \u00a75 Bei Aufl\u00f6sung oder Aufhebung des Vereins oder bei Wegfall steuerbeg\u00fcnstigter Zwecke f\u00e4llt das Verm\u00f6gen der K\u00f6rperschaft An die steuerbeg\u00fcnstigte K\u00f6rperschaft Haydom Friends e.V.- mit dem Sitz in 22303 Hamburg, die das Verm\u00f6gen unmittelbar und ausschlie\u00dflich f\u00fcr gemeinn\u00fctzige, mildt\u00e4tige oder kirchliche Zwecke zu verwenden hat. \u00a76 Mitglieder des Vereins k\u00f6nnen alle vollj\u00e4hrigen Personen werden, die einen schriftlichen Aufnahmeantrag beim Vorstand des Vereins gestellt haben. Lehnt der Vorstand die Aufnahme ab, kann der Beitrittswillige die Mitgliederversammlung berufen. Diese entscheidet endg\u00fcltig \u00fcber die Mitgliedschaft.&nbsp;&nbsp; &nbsp; &nbsp; &nbsp; &nbsp; &nbsp; &nbsp; &nbsp; &nbsp; &nbsp; &nbsp; &nbsp; &nbsp; &nbsp; &nbsp; &nbsp; &nbsp; &nbsp; &nbsp; &nbsp; &nbsp; &nbsp; &nbsp; &nbsp; &nbsp; &nbsp; &nbsp; &nbsp; &nbsp; &nbsp; &nbsp; &nbsp; &nbsp; \u00a77 Die Mitgliedschaft endet durch Tod, Austrittserkl\u00e4rung oder Ausschluss. Der Austritt erfolgt durch schriftliche Erkl\u00e4rung gegen\u00fcber dem Vorstand. \u00dcber den Ausschluss beschlie\u00dft die Mitgliederversammlung mit einer Mehrheit von drei Vierteln der anwesenden Mitglieder.&nbsp; &nbsp; &nbsp; &nbsp; &nbsp; &nbsp; &nbsp; &nbsp; &nbsp; &nbsp; &nbsp; &nbsp; &nbsp; &nbsp; &nbsp; &nbsp; &nbsp; &nbsp; &nbsp; &nbsp; &nbsp; &nbsp; &nbsp; &nbsp; &nbsp; &nbsp; &nbsp; &nbsp; &nbsp; &nbsp; &nbsp; &nbsp; &nbsp; &nbsp; \u00a78 Von den Mitgliedern werden Beitr\u00e4ge erhoben. Die H\u00f6he des Jahresbeitrages bel\u00e4uft sich auf 20 Euro. Dieses wird ab dem Eintrittsdatum f\u00e4llig. \u00a79 Organe des Vereins sind Vorstand und Mitgliederversammlung. \u00a710 Der Vorstand des Vereins besteht aus dem 1. Vorsitzenden, dem 2. Vorsitzenden, dem Kassierer und dem Schriftf\u00fchrer. Der Verein wird gerichtlich und au\u00dfergerichtlich durch den 1. und 2. Vorsitzenden je allein vertreten.&nbsp; Der 1. und 2. Vorsitzende k\u00f6nnen unabh\u00e4ngig voneinander im Sinne des Vereins zweckm\u00e4\u00dfige Aufgaben erledigen und sind somit Einzelvertretungsberechtigt. \u00a711 Der Vorstand wird von der Mitgliederversammlung auf die Dauer von vier Jahre, von dem Tag der Wahl angerechnet, gew\u00e4hlt. Der Vorstand bleibt jedoch auch nach Ablauf seiner Amtszeit bis zur Neuwahl des neuen Vorstandes im Amt. Der Vorstand fasst seine Beschl\u00fcsse in Vorstandssitzungen, die vom Vorsitzenden oder vom stellvertretenden Vorsitzenden schriftlich, fernm\u00fcndlich oder telegrafisch einberufen werden, zusammen.&nbsp; \u00a712 Mindestens einmal im Jahr, m\u00f6glichst zu Beginn des Kalenderjahres, findet eine ordentliche Mitgliederversammlung statt. Sie beschlie\u00dft vor allem \u00fcber die Beitr\u00e4ge, die Entlastung und die Wahl des Vorstandes und \u00fcber Satzungs\u00e4nderungen. Eine au\u00dferordentliche Mitgliederversammlung ist auf Verlangen eines Drittels der Mitglieder einzuberufen. Die Einladung zur Mitgliederversammlung erfolgt zwei Wochen vor der Versammlung in Textform per Post oder E-Mail. \u00a713 \u00dcber die Beschl\u00fcsse des Vorstandes und der Mitgliederversammlung ist eine Niederschrift aufzunehmen, die vom Vorsitzenden oder seinem Stellvertreter und vom Schriftf\u00fchrer oder einem von der Versammlung gew\u00e4hlten Protokollf\u00fchrer zu unterzeichnen ist.&nbsp; \u00a714 Die Aufl\u00f6sung kann nur in einer besonderen, zu diesem Zweck und mit einer Frist von einem Monat einzuberufenden au\u00dferordentlichen Mitgliederversammlung mit einer Mehrheit von drei Vierteln der erschienenen Mitglieder beschlossen werden.&nbsp;Die Versammlung beschlie\u00dft auch \u00fcber die Art der Liquidation und die Verwertung des verbliebenden Verm\u00f6gens.<\/p>","protected":false},"author":2,"featured_media":0,"parent":0,"menu_order":0,"comment_status":"closed","ping_status":"closed","template":"","meta":{"site-sidebar-layout":"no-sidebar","site-content-layout":"page-builder","ast-site-content-layout":"full-width-container","site-content-style":"default","site-sidebar-style":"default","ast-global-header-display":"","ast-banner-title-visibility":"","ast-main-header-display":"","ast-hfb-above-header-display":"","ast-hfb-below-header-display":"","ast-hfb-mobile-header-display":"","site-post-title":"disabled","ast-breadcrumbs-content":"","ast-featured-img":"disabled","footer-sml-layout":"","theme-transparent-header-meta":"","adv-header-id-meta":"","stick-header-meta":"","header-above-stick-meta":"","header-main-stick-meta":"","header-below-stick-meta":"","astra-migrate-meta-layouts":"set","ast-page-background-enabled":"default","ast-page-background-meta":{"desktop":{"background-color":"","background-image":"","background-repeat":"repeat","background-position":"center center","background-size":"auto","background-attachment":"scroll","background-type":"","background-media":"","overlay-type":"","overlay-color":"","overlay-opacity":"","overlay-gradient":""},"tablet":{"background-color":"","background-image":"","background-repeat":"repeat","background-position":"center center","background-size":"auto","background-attachment":"scroll","background-type":"","background-media":"","overlay-type":"","overlay-color":"","overlay-opacity":"","overlay-gradient":""},"mobile":{"background-color":"","background-image":"","background-repeat":"repeat","background-position":"center center","background-size":"auto","background-attachment":"scroll","background-type":"","background-media":"","overlay-type":"","overlay-color":"","overlay-opacity":"","overlay-gradient":""}},"ast-content-background-meta":{"desktop":{"background-color":"var(--ast-global-color-5)","background-image":"","background-repeat":"repeat","background-position":"center center","background-size":"auto","background-attachment":"scroll","background-type":"","background-media":"","overlay-type":"","overlay-color":"","overlay-opacity":"","overlay-gradient":""},"tablet":{"background-color":"var(--ast-global-color-5)","background-image":"","background-repeat":"repeat","background-position":"center center","background-size":"auto","background-attachment":"scroll","background-type":"","background-media":"","overlay-type":"","overlay-color":"","overlay-opacity":"","overlay-gradient":""},"mobile":{"background-color":"var(--ast-global-color-5)","background-image":"","background-repeat":"repeat","background-position":"center center","background-size":"auto","background-attachment":"scroll","background-type":"","background-media":"","overlay-type":"","overlay-color":"","overlay-opacity":"","overlay-gradient":""}},"footnotes":""},"class_list":["post-3791","page","type-page","status-publish","hentry"],"_links":{"self":[{"href":"https:\/\/midwives4tanzania.org\/en\/wp-json\/wp\/v2\/pages\/3791","targetHints":{"allow":["GET"]}}],"collection":[{"href":"https:\/\/midwives4tanzania.org\/en\/wp-json\/wp\/v2\/pages"}],"about":[{"href":"https:\/\/midwives4tanzania.org\/en\/wp-json\/wp\/v2\/types\/page"}],"author":[{"embeddable":true,"href":"https:\/\/midwives4tanzania.org\/en\/wp-json\/wp\/v2\/users\/2"}],"replies":[{"embeddable":true,"href":"https:\/\/midwives4tanzania.org\/en\/wp-json\/wp\/v2\/comments?post=3791"}],"version-history":[{"count":13,"href":"https:\/\/midwives4tanzania.org\/en\/wp-json\/wp\/v2\/pages\/3791\/revisions"}],"predecessor-version":[{"id":4957,"href":"https:\/\/midwives4tanzania.org\/en\/wp-json\/wp\/v2\/pages\/3791\/revisions\/4957"}],"wp:attachment":[{"href":"https:\/\/midwives4tanzania.org\/en\/wp-json\/wp\/v2\/media?parent=3791"}],"curies":[{"name":"wp","href":"https:\/\/api.w.org\/{rel}","templated":true}]}}