{"id":3809,"date":"2024-02-01T16:57:07","date_gmt":"2024-02-01T16:57:07","guid":{"rendered":"https:\/\/midwives4tanzania.org\/?page_id=3809"},"modified":"2024-11-04T13:13:35","modified_gmt":"2024-11-04T13:13:35","slug":"spenden","status":"publish","type":"page","link":"https:\/\/midwives4tanzania.org\/en\/spenden\/","title":{"rendered":"Donate"},"content":{"rendered":"<div data-elementor-type=\"wp-page\" data-elementor-id=\"3809\" class=\"elementor elementor-3809\">\n\t\t\t\t<div class=\"elementor-element elementor-element-32197b9 e-flex e-con-boxed wpr-particle-no wpr-jarallax-no wpr-parallax-no wpr-sticky-section-no e-con e-parent\" data-id=\"32197b9\" data-element_type=\"container\" data-settings=\"{&quot;background_background&quot;:&quot;classic&quot;}\">\n\t\t\t\t\t<div class=\"e-con-inner\">\n\t\t<div class=\"elementor-element elementor-element-6ec545f e-con-full e-flex wpr-particle-no wpr-jarallax-no wpr-parallax-no wpr-sticky-section-no e-con e-child\" data-id=\"6ec545f\" data-element_type=\"container\">\n\t\t\t\t<div class=\"elementor-element elementor-element-cbe2927 elementor-widget-divider--view-line elementor-widget elementor-widget-divider\" data-id=\"cbe2927\" data-element_type=\"widget\" data-widget_type=\"divider.default\">\n\t\t\t\t<div class=\"elementor-widget-container\">\n\t\t\t\t\t\t\t<div class=\"elementor-divider\">\n\t\t\t<span class=\"elementor-divider-separator\">\n\t\t\t\t\t\t<\/span>\n\t\t<\/div>\n\t\t\t\t\t\t<\/div>\n\t\t\t\t<\/div>\n\t\t\t\t<div class=\"elementor-element elementor-element-5a3621c elementor-widget elementor-widget-heading\" data-id=\"5a3621c\" data-element_type=\"widget\" data-widget_type=\"heading.default\">\n\t\t\t\t<div class=\"elementor-widget-container\">\n\t\t\t\t\t<h1 class=\"elementor-heading-title elementor-size-default\">Donate<\/h1>\t\t\t\t<\/div>\n\t\t\t\t<\/div>\n\t\t\t\t<\/div>\n\t\t\t\t\t<\/div>\n\t\t\t\t<\/div>\n\t\t<div class=\"elementor-element elementor-element-3d3f8de e-flex e-con-boxed wpr-particle-no wpr-jarallax-no wpr-parallax-no wpr-sticky-section-no e-con e-parent\" data-id=\"3d3f8de\" data-element_type=\"container\">\n\t\t\t\t\t<div class=\"e-con-inner\">\n\t\t\t\t<div class=\"elementor-element elementor-element-eeb7b89 elementor-widget elementor-widget-spacer\" data-id=\"eeb7b89\" data-element_type=\"widget\" data-widget_type=\"spacer.default\">\n\t\t\t\t<div class=\"elementor-widget-container\">\n\t\t\t\t\t\t\t<div class=\"elementor-spacer\">\n\t\t\t<div class=\"elementor-spacer-inner\"><\/div>\n\t\t<\/div>\n\t\t\t\t\t\t<\/div>\n\t\t\t\t<\/div>\n\t\t\t\t<div class=\"elementor-element elementor-element-0341ce9 elementor-widget elementor-widget-text-editor\" data-id=\"0341ce9\" data-element_type=\"widget\" data-widget_type=\"text-editor.default\">\n\t\t\t\t<div class=\"elementor-widget-container\">\n\t\t\t\t\t\t\t\t\t<p style=\"font-weight: 400;\">If you would like to support our work with a donation, this is of course possible with or without membership.<\/p><p style=\"font-weight: 400;\">Deine Spende kannst du an folgendes Bankkonto richten:<\/p><p style=\"font-weight: 400;\"><strong>Midwives 4 Tanzania e.V.<br \/><\/strong><strong>IBAN DE56 5019 0000 6000 1739 06<br \/><\/strong><strong>Frankfurter Volksbank<br \/><\/strong><strong>BIC: FFVBDEFF<br \/><\/strong><\/p><p style=\"font-weight: 400;\">Oder \u00fcber Paypal:<\/p>\t\t\t\t\t\t\t\t<\/div>\n\t\t\t\t<\/div>\n\t\t\t\t<div class=\"elementor-element elementor-element-eb62b21 elementor-widget elementor-widget-button\" data-id=\"eb62b21\" data-element_type=\"widget\" data-widget_type=\"button.default\">\n\t\t\t\t<div class=\"elementor-widget-container\">\n\t\t\t\t\t\t\t\t\t<div class=\"elementor-button-wrapper\">\n\t\t\t\t\t<a class=\"elementor-button elementor-button-link elementor-size-sm\" href=\"https:\/\/www.paypal.com\/donate\/?hosted_button_id=TV6J8X8Q5BDTS\" target=\"_blank\">\n\t\t\t\t\t\t<span class=\"elementor-button-content-wrapper\">\n\t\t\t\t\t\t<span class=\"elementor-button-icon\">\n\t\t\t\t<svg aria-hidden=\"true\" class=\"e-font-icon-svg e-fab-paypal\" viewbox=\"0 0 384 512\" xmlns=\"http:\/\/www.w3.org\/2000\/svg\"><path d=\"M111.4 295.9c-3.5 19.2-17.4 108.7-21.5 134-.3 1.8-1 2.5-3 2.5H12.3c-7.6 0-13.1-6.6-12.1-13.9L58.8 46.6c1.5-9.6 10.1-16.9 20-16.9 152.3 0 165.1-3.7 204 11.4 60.1 23.3 65.6 79.5 44 140.3-21.5 62.6-72.5 89.5-140.1 90.3-43.4.7-69.5-7-75.3 24.2zM357.1 152c-1.8-1.3-2.5-1.8-3 1.3-2 11.4-5.1 22.5-8.8 33.6-39.9 113.8-150.5 103.9-204.5 103.9-6.1 0-10.1 3.3-10.9 9.4-22.6 140.4-27.1 169.7-27.1 169.7-1 7.1 3.5 12.9 10.6 12.9h63.5c8.6 0 15.7-6.3 17.4-14.9.7-5.4-1.1 6.1 14.4-91.3 4.6-22 14.3-19.7 29.3-19.7 71 0 126.4-28.8 142.9-112.3 6.5-34.8 4.6-71.4-23.8-92.6z\"><\/path><\/svg>\t\t\t<\/span>\n\t\t\t\t\t\t\t\t\t<span class=\"elementor-button-text\">Jetzt spenden<\/span>\n\t\t\t\t\t<\/span>\n\t\t\t\t\t<\/a>\n\t\t\t\t<\/div>\n\t\t\t\t\t\t\t\t<\/div>\n\t\t\t\t<\/div>\n\t\t\t\t\t<\/div>\n\t\t\t\t<\/div>\n\t\t<div class=\"elementor-element elementor-element-122b167 e-flex e-con-boxed wpr-particle-no wpr-jarallax-no wpr-parallax-no wpr-sticky-section-no e-con e-parent\" data-id=\"122b167\" data-element_type=\"container\">\n\t\t\t\t\t<div class=\"e-con-inner\">\n\t\t\t\t<div class=\"elementor-element elementor-element-7afbd61 elementor-widget elementor-widget-text-editor\" data-id=\"7afbd61\" data-element_type=\"widget\" data-widget_type=\"text-editor.default\">\n\t\t\t\t<div class=\"elementor-widget-container\">\n\t\t\t\t\t\t\t\t\t<p style=\"font-weight: 400;\">Solltest du ab einem Betrag von 300,-\u20ac eine Spendenbescheinigung w\u00fcnschen, dann sende uns bitte eine E-Mail mit deiner Anschrift.<\/p>\n<p style=\"font-weight: 400;\"><strong>Spenden an unseren gemeinn\u00fctzigen Verein sind steuerlich absetzbar.<\/strong><\/p>\n<p style=\"font-weight: 400;\">Unser Ziel ist es, dass Spenden zu fast 100% in unsere Arbeit flie\u00dfen.<br>Ein ganz geringer Teil der Mitgliedsbeitr\u00e4ge m\u00fcssen wir f\u00fcr die Kostendeckung von laufenden Kosten des Vereins nutzen, beispielsweise Auslands\u00fcberweisungen und Ausgaben f\u00fcr B\u00fcrobedarf. Denn auch ein Verein, dessen Gemeinn\u00fctzigkeit vom Finanzamt anerkannt ist, muss f\u00fcr gewisse Dienstleistungen Geld bezahlen.<\/p>\t\t\t\t\t\t\t\t<\/div>\n\t\t\t\t<\/div>\n\t\t\t\t\t<\/div>\n\t\t\t\t<\/div>\n\t\t<div class=\"elementor-element elementor-element-345bc66 e-flex e-con-boxed wpr-particle-no wpr-jarallax-no wpr-parallax-no wpr-sticky-section-no e-con e-parent\" data-id=\"345bc66\" data-element_type=\"container\">\n\t\t\t\t\t<div class=\"e-con-inner\">\n\t\t\t\t\t<\/div>\n\t\t\t\t<\/div>\n\t\t\t\t<\/div>","protected":false},"excerpt":{"rendered":"<p>Spenden Wenn du unsere Arbeit gerne mit einer Spende unterst\u00fctzen m\u00f6chtest, ist dies nat\u00fcrlich mit und auch ohne Mitgliedschaft m\u00f6glich. Deine Spende kannst du an folgendes Bankkonto richten: Midwives 4 Tanzania e.V.IBAN DE56 5019 0000 6000 1739 06Frankfurter VolksbankBIC: FFVBDEFF Oder \u00fcber Paypal: Jetzt spenden Solltest du ab einem Betrag von 300,-\u20ac eine Spendenbescheinigung w\u00fcnschen, dann sende uns bitte eine E-Mail mit deiner Anschrift. Spenden an unseren gemeinn\u00fctzigen Verein sind steuerlich absetzbar. Unser Ziel ist es, dass Spenden zu fast 100% in unsere Arbeit flie\u00dfen.Ein ganz geringer Teil der Mitgliedsbeitr\u00e4ge m\u00fcssen wir f\u00fcr die Kostendeckung von laufenden Kosten des Vereins nutzen, beispielsweise Auslands\u00fcberweisungen und Ausgaben f\u00fcr B\u00fcrobedarf. Denn auch ein Verein, dessen Gemeinn\u00fctzigkeit vom Finanzamt anerkannt ist, muss f\u00fcr gewisse Dienstleistungen Geld bezahlen.<\/p>","protected":false},"author":2,"featured_media":0,"parent":0,"menu_order":0,"comment_status":"closed","ping_status":"closed","template":"","meta":{"site-sidebar-layout":"no-sidebar","site-content-layout":"page-builder","ast-site-content-layout":"full-width-container","site-content-style":"default","site-sidebar-style":"default","ast-global-header-display":"","ast-banner-title-visibility":"","ast-main-header-display":"","ast-hfb-above-header-display":"","ast-hfb-below-header-display":"","ast-hfb-mobile-header-display":"","site-post-title":"disabled","ast-breadcrumbs-content":"","ast-featured-img":"disabled","footer-sml-layout":"","theme-transparent-header-meta":"","adv-header-id-meta":"","stick-header-meta":"","header-above-stick-meta":"","header-main-stick-meta":"","header-below-stick-meta":"","astra-migrate-meta-layouts":"set","ast-page-background-enabled":"default","ast-page-background-meta":{"desktop":{"background-color":"","background-image":"","background-repeat":"repeat","background-position":"center center","background-size":"auto","background-attachment":"scroll","background-type":"","background-media":"","overlay-type":"","overlay-color":"","overlay-opacity":"","overlay-gradient":""},"tablet":{"background-color":"","background-image":"","background-repeat":"repeat","background-position":"center center","background-size":"auto","background-attachment":"scroll","background-type":"","background-media":"","overlay-type":"","overlay-color":"","overlay-opacity":"","overlay-gradient":""},"mobile":{"background-color":"","background-image":"","background-repeat":"repeat","background-position":"center center","background-size":"auto","background-attachment":"scroll","background-type":"","background-media":"","overlay-type":"","overlay-color":"","overlay-opacity":"","overlay-gradient":""}},"ast-content-background-meta":{"desktop":{"background-color":"var(--ast-global-color-5)","background-image":"","background-repeat":"repeat","background-position":"center center","background-size":"auto","background-attachment":"scroll","background-type":"","background-media":"","overlay-type":"","overlay-color":"","overlay-opacity":"","overlay-gradient":""},"tablet":{"background-color":"var(--ast-global-color-5)","background-image":"","background-repeat":"repeat","background-position":"center center","background-size":"auto","background-attachment":"scroll","background-type":"","background-media":"","overlay-type":"","overlay-color":"","overlay-opacity":"","overlay-gradient":""},"mobile":{"background-color":"var(--ast-global-color-5)","background-image":"","background-repeat":"repeat","background-position":"center center","background-size":"auto","background-attachment":"scroll","background-type":"","background-media":"","overlay-type":"","overlay-color":"","overlay-opacity":"","overlay-gradient":""}},"footnotes":""},"class_list":["post-3809","page","type-page","status-publish","hentry"],"_links":{"self":[{"href":"https:\/\/midwives4tanzania.org\/en\/wp-json\/wp\/v2\/pages\/3809","targetHints":{"allow":["GET"]}}],"collection":[{"href":"https:\/\/midwives4tanzania.org\/en\/wp-json\/wp\/v2\/pages"}],"about":[{"href":"https:\/\/midwives4tanzania.org\/en\/wp-json\/wp\/v2\/types\/page"}],"author":[{"embeddable":true,"href":"https:\/\/midwives4tanzania.org\/en\/wp-json\/wp\/v2\/users\/2"}],"replies":[{"embeddable":true,"href":"https:\/\/midwives4tanzania.org\/en\/wp-json\/wp\/v2\/comments?post=3809"}],"version-history":[{"count":47,"href":"https:\/\/midwives4tanzania.org\/en\/wp-json\/wp\/v2\/pages\/3809\/revisions"}],"predecessor-version":[{"id":5039,"href":"https:\/\/midwives4tanzania.org\/en\/wp-json\/wp\/v2\/pages\/3809\/revisions\/5039"}],"wp:attachment":[{"href":"https:\/\/midwives4tanzania.org\/en\/wp-json\/wp\/v2\/media?parent=3809"}],"curies":[{"name":"wp","href":"https:\/\/api.w.org\/{rel}","templated":true}]}}